{"id":154,"date":"2014-07-02T17:41:48","date_gmt":"2014-07-02T17:41:48","guid":{"rendered":"http:\/\/127.0.0.1\/sedna\/?page_id=154"},"modified":"2014-07-08T18:54:17","modified_gmt":"2014-07-08T18:54:17","slug":"request-a-catalogue","status":"publish","type":"page","link":"https:\/\/www.sedna.lighting\/fr\/request-a-catalogue\/","title":{"rendered":"Demandez un catalogue"},"content":{"rendered":"\n\n<!-- Fast Secure Contact Form plugin 4.0.50 - begin - FastSecureContactForm.com -->\r\n<div class=\"fscf-div-clear\"><\/div>\n<p>Notre catalogue d\u00e9taille notre grande gamme de produits LED et accessoires. Nous stockons une gamme de luminaires commerciaux, industriels, d\u2019\u00e9xt\u00e9rieur et de signal\u00e9tique. Vous pouvez regarder ou t\u00e9l\u00e9charger notre eCatalogue, ou faire une demande pour une copie papier en remplissant les d\u00e9tails ci-dessous:<\/p>\r\n<div id=\"FSContact3\" class=\"fscf-div-form\">\r\n<form action=\"https:\/\/www.sedna.lighting\/fr\/wp-json\/wp\/v2\/pages\/154#FSContact3\" id=\"fscf_form3\" method=\"post\">\r\n\n<div id=\"fscf_required3\">\n  <span class=\"fscf-required-indicator\">*<\/span> <span class=\"fscf-required-text\">indique un champ obligatoire<\/span>\n<\/div>\n\n\n<div id=\"fscf_div_clear3_0\" class=\"fscf-div-clear\">\n  <div id=\"fscf_div_field3_0\" class=\"fscf-div-field-left\">\r\n    <div class=\"fscf-div-label\">\n      <label class=\"fscf-label\" for=\"fscf_name3\">Nom:<span class=\"fscf-required-indicator\">*<\/span><\/label>\n    <\/div>\r\n    <div class=\"fscf-div-field\">\r\n      <input class=\"fscf-input-text\" type=\"text\" id=\"fscf_name3\" name=\"full_name\" value=\"\"  \/>\r\n    <\/div>\r\n  <\/div>\n<\/div>\n\n<div id=\"fscf_div_clear3_1\" class=\"fscf-div-clear\">\n  <div id=\"fscf_div_field3_1\" class=\"fscf-div-field-left\">\n    <div class=\"fscf-div-label\">\n      <label class=\"fscf-label\" for=\"fscf_email3\">Email:<span class=\"fscf-required-indicator\">*<\/span><\/label>\n    <\/div>\n    <div class=\"fscf-div-field\">\n      <input class=\"fscf-input-text\" type=\"text\" id=\"fscf_email3\" name=\"email\" value=\"\"  \/>\n    <\/div>\n  <\/div>\n<\/div>\n\n<div id=\"fscf_div_clear3_5\" class=\"fscf-div-clear\">\n  <div id=\"fscf_div_field3_5\" class=\"fscf-div-field-left\">\n    <div  id=\"fscf_label3_5\" class=\"fscf-div-label\">\r\n      <label class=\"fscf-label\" for=\"fscf_field3_5\">T\u00e9l\u00e9phone:<span class=\"fscf-required-indicator\">*<\/span><\/label>\n    <\/div>\n    <div class=\"fscf-div-field\">\n      <input class=\"fscf-input-text\" type=\"text\" id=\"fscf_field3_5\" name=\"phone\" value=\"\"  \/>\n    <\/div>\n  <\/div>\n<\/div>\n\n<div id=\"fscf_div_clear3_4\" class=\"fscf-div-clear\">\n  <div id=\"fscf_div_field3_4\" class=\"fscf-div-field-left\">\n    <div  id=\"fscf_label3_4\" class=\"fscf-div-label\">\r\n      <label class=\"fscf-label\" for=\"fscf_field3_4\">Entreprise:<span class=\"fscf-required-indicator\">*<\/span><\/label>\n    <\/div>\n    <div class=\"fscf-div-field\">\n      <input class=\"fscf-input-text\" type=\"text\" id=\"fscf_field3_4\" name=\"company\" value=\"\"  \/>\n    <\/div>\n  <\/div>\n<\/div>\n\n<div id=\"fscf_div_clear3_6\" class=\"fscf-div-clear\">\n  <div id=\"fscf_div_field3_6\" class=\"fscf-div-field-left\">\n    <div  id=\"fscf_label3_6\" class=\"fscf-div-label\">\r\n      <label class=\"fscf-label\" for=\"fscf_field3_6\">Adresse:<span class=\"fscf-required-indicator\">*<\/span><\/label>\n    <\/div>\n    <div class=\"fscf-div-field\">\n      <textarea class=\"fscf-input-textarea\" id=\"fscf_field3_6\" name=\"address\" cols=\"30\" rows=\"10\" ><\/textarea>\n    <\/div>\n  <\/div>\n<\/div>\r\n<div class=\"fscf-div-clear\"><\/div>\n\n<div id=\"fscf_submit_div3\" class=\"fscf-div-submit\">\r\n\t\t<input type=\"submit\" id=\"fscf_submit3\" class=\"fscf-button-submit\" value=\"Soumettre\"  onclick=\"this.disabled=true; this.value='Submitting...'; this.form.submit();\" \/> \n<\/div>\n\n<input type=\"hidden\" name=\"fscf_submitted\" value=\"0\" \/>\n<input type=\"hidden\" name=\"fs_postonce_3\" value=\"c07c6f422cc799688f8d4b4d6899d68c,1777506048\" \/>\n<input type=\"hidden\" name=\"si_contact_action\" value=\"send\" \/>\n<input type=\"hidden\" name=\"form_id\" value=\"3\" \/>\n<input type=\"hidden\" name=\"mailto_id\" value=\"1\" \/>\n\n<\/form>\n<\/div>\r\n<div class=\"fscf-div-clear\"><\/div>\n\n<!-- Fast Secure Contact Form plugin 4.0.50 - end - FastSecureContactForm.com -->\n\n","protected":false},"excerpt":{"rendered":"","protected":false},"author":1,"featured_media":0,"parent":0,"menu_order":0,"comment_status":"closed","ping_status":"closed","template":"nofeat.php","meta":{"footnotes":""},"aioseo_notices":[],"_links":{"self":[{"href":"https:\/\/www.sedna.lighting\/fr\/wp-json\/wp\/v2\/pages\/154"}],"collection":[{"href":"https:\/\/www.sedna.lighting\/fr\/wp-json\/wp\/v2\/pages"}],"about":[{"href":"https:\/\/www.sedna.lighting\/fr\/wp-json\/wp\/v2\/types\/page"}],"author":[{"embeddable":true,"href":"https:\/\/www.sedna.lighting\/fr\/wp-json\/wp\/v2\/users\/1"}],"replies":[{"embeddable":true,"href":"https:\/\/www.sedna.lighting\/fr\/wp-json\/wp\/v2\/comments?post=154"}],"version-history":[{"count":2,"href":"https:\/\/www.sedna.lighting\/fr\/wp-json\/wp\/v2\/pages\/154\/revisions"}],"predecessor-version":[{"id":422,"href":"https:\/\/www.sedna.lighting\/fr\/wp-json\/wp\/v2\/pages\/154\/revisions\/422"}],"wp:attachment":[{"href":"https:\/\/www.sedna.lighting\/fr\/wp-json\/wp\/v2\/media?parent=154"}],"curies":[{"name":"wp","href":"https:\/\/api.w.org\/{rel}","templated":true}]}}