{"id":6,"date":"2014-06-02T17:31:21","date_gmt":"2014-06-02T17:31:21","guid":{"rendered":"http:\/\/127.0.0.1\/sedna\/?page_id=6"},"modified":"2014-11-24T13:25:53","modified_gmt":"2014-11-24T13:25:53","slug":"home","status":"publish","type":"page","link":"http:\/\/www.sedna.lighting\/fr\/","title":{"rendered":"Home"},"content":{"rendered":"<p>Sedna fabrique et distribue une gamme de lampes et luminaires LED sur le march\u00e9 mondial, avec une attention sp\u00e9ciale pour les demandes commerciales et industrielles mais aussi la signal\u00e9tique, \u00e9clairage de salons commerciaux, et le design des produits. Notre \u00e9quipe technique, design, ventes, marketing et apr\u00e8s ventes travaille pour apporter a nos clients et partenaires des designs, supports et packages pour distributeur.<\/p>\n<p>&nbsp;<\/p>\n<p>Notre gamme innovante de LED convient aux applications industrielles, commerciales, en signal\u00e9tique, et d\u00e9coratives, avec une large gamme disponible en stock pour une livraison sous 3 jours. Notre gamme compl\u00e8te est list\u00e9e en ligne, aussi bien que les informations sur les marques avec qui nous avons travaill\u00e9 dans le pass\u00e9. Pour plus d\u2019information ou simplement rentrer en contact avec nous, appelez le 01 84 88 69 47 ou par email <a href=\"m&#97;&#x69;&#x6c;t&#111;&#x3a;&#x69;n&#102;&#111;&#x40;&#x73;e&#100;&#x6e;&#x61;&#46;&#108;&#x69;&#x67;h&#116;&#105;&#x6e;&#x67;\">&#x69;&#x6e;&#x66;&#x6f;&#64;&#115;&#101;&#100;na&#46;&#x6c;&#x69;&#x67;&#x68;&#x74;&#105;&#110;&#103;<\/a>.<\/p>\n","protected":false},"excerpt":{"rendered":"<p>Sedna fabrique et distribue une gamme de lampes et luminaires LED sur le march\u00e9 mondial, avec une attention sp\u00e9ciale pour les demandes commerciales et industrielles mais aussi la signal\u00e9tique, \u00e9clairage de salons commerciaux, et le design des produits. Notre \u00e9quipe technique, design, ventes, marketing et apr\u00e8s ventes travaille pour apporter a nos clients et partenaires&#8230; <a class=\"header red spaced\" href=\"http:\/\/www.sedna.lighting\/fr\/\">Voir Plus<\/a><\/p>\n","protected":false},"author":1,"featured_media":0,"parent":0,"menu_order":0,"comment_status":"closed","ping_status":"closed","template":"home-panel.php","meta":{"footnotes":""},"aioseo_notices":[],"_links":{"self":[{"href":"http:\/\/www.sedna.lighting\/fr\/wp-json\/wp\/v2\/pages\/6"}],"collection":[{"href":"http:\/\/www.sedna.lighting\/fr\/wp-json\/wp\/v2\/pages"}],"about":[{"href":"http:\/\/www.sedna.lighting\/fr\/wp-json\/wp\/v2\/types\/page"}],"author":[{"embeddable":true,"href":"http:\/\/www.sedna.lighting\/fr\/wp-json\/wp\/v2\/users\/1"}],"replies":[{"embeddable":true,"href":"http:\/\/www.sedna.lighting\/fr\/wp-json\/wp\/v2\/comments?post=6"}],"version-history":[{"count":9,"href":"http:\/\/www.sedna.lighting\/fr\/wp-json\/wp\/v2\/pages\/6\/revisions"}],"predecessor-version":[{"id":419,"href":"http:\/\/www.sedna.lighting\/fr\/wp-json\/wp\/v2\/pages\/6\/revisions\/419"}],"wp:attachment":[{"href":"http:\/\/www.sedna.lighting\/fr\/wp-json\/wp\/v2\/media?parent=6"}],"curies":[{"name":"wp","href":"https:\/\/api.w.org\/{rel}","templated":true}]}}