{"id":156,"date":"2014-07-02T17:47:26","date_gmt":"2014-07-02T17:47:26","guid":{"rendered":"http:\/\/127.0.0.1\/sedna\/?page_id=156"},"modified":"2014-07-08T18:53:31","modified_gmt":"2014-07-08T18:53:31","slug":"become-a-distributor","status":"publish","type":"page","link":"http:\/\/www.sedna.lighting\/fr\/become-a-distributor\/","title":{"rendered":"Devenir un distributeur"},"content":{"rendered":"\n\n<!-- Fast Secure Contact Form plugin 4.0.50 - begin - FastSecureContactForm.com -->\r\n<div class=\"fscf-div-clear\"><\/div>\n<p>Nous offrons une large gamme de packages pour les distributeurs qui sont int\u00e9ress\u00e9 pour revendre nos produits. Si vous regardez en ligne, avec notre \u00e9quipe de ventes ou par t\u00e9l\u00e9phone, nous consacrons beaucoup de notre temps pour nos revendeurs pour les soutenir, comme les brochures avec votre marque, des pr\u00e9sentoirs pour vos points de vente, la formation du personnel, le travail de design des produits, un site Web de revendeur et en interne la conception de designs pour en nommer juste quelques-uns.<\/p>\r\n\r\n<p>Pour plus d\u2019information, remplissez le formulaire de contact ci-dessous et un membre de notre \u00e9quipe vous contactera rapidement pour en discuter. Vous pouvez \u00e9galement nous appelez au 01 84 88 69 47.<\/p>\r\n<div id=\"FSContact4\" class=\"fscf-div-form\">\r\n<form action=\"http:\/\/www.sedna.lighting\/fr\/wp-json\/wp\/v2\/pages\/156#FSContact4\" id=\"fscf_form4\" method=\"post\">\r\n\n<div id=\"fscf_required4\">\n  <span class=\"fscf-required-indicator\">*<\/span> <span class=\"fscf-required-text\">indique un champ obligatoire<\/span>\n<\/div>\n\n\n<div id=\"fscf_div_clear4_0\" class=\"fscf-div-clear\">\n  <div id=\"fscf_div_field4_0\" class=\"fscf-div-field-left\">\r\n    <div class=\"fscf-div-label\">\n      <label class=\"fscf-label\" for=\"fscf_name4\">Nom:<span class=\"fscf-required-indicator\">*<\/span><\/label>\n    <\/div>\r\n    <div class=\"fscf-div-field\">\r\n      <input class=\"fscf-input-text\" type=\"text\" id=\"fscf_name4\" name=\"full_name\" value=\"\"  \/>\r\n    <\/div>\r\n  <\/div>\n<\/div>\n\n<div id=\"fscf_div_clear4_1\" class=\"fscf-div-clear\">\n  <div id=\"fscf_div_field4_1\" class=\"fscf-div-field-left\">\n    <div class=\"fscf-div-label\">\n      <label class=\"fscf-label\" for=\"fscf_email4\">Email:<span class=\"fscf-required-indicator\">*<\/span><\/label>\n    <\/div>\n    <div class=\"fscf-div-field\">\n      <input class=\"fscf-input-text\" type=\"text\" id=\"fscf_email4\" name=\"email\" value=\"\"  \/>\n    <\/div>\n  <\/div>\n<\/div>\n\n<div id=\"fscf_div_clear4_4\" class=\"fscf-div-clear\">\n  <div id=\"fscf_div_field4_4\" class=\"fscf-div-field-left\">\n    <div  id=\"fscf_label4_4\" class=\"fscf-div-label\">\r\n      <label class=\"fscf-label\" for=\"fscf_field4_4\">T\u00e9l\u00e9phone:<span class=\"fscf-required-indicator\">*<\/span><\/label>\n    <\/div>\n    <div class=\"fscf-div-field\">\n      <input class=\"fscf-input-text\" type=\"text\" id=\"fscf_field4_4\" name=\"phone\" value=\"\"  \/>\n    <\/div>\n  <\/div>\n<\/div>\n\n<div id=\"fscf_div_clear4_5\" class=\"fscf-div-clear\">\n  <div id=\"fscf_div_field4_5\" class=\"fscf-div-field-left\">\n    <div  id=\"fscf_label4_5\" class=\"fscf-div-label\">\r\n      <label class=\"fscf-label\" for=\"fscf_field4_5\">Entreprise:<span class=\"fscf-required-indicator\">*<\/span><\/label>\n    <\/div>\n    <div class=\"fscf-div-field\">\n      <input class=\"fscf-input-text\" type=\"text\" id=\"fscf_field4_5\" name=\"company\" value=\"\"  \/>\n    <\/div>\n  <\/div>\n<\/div>\r\n<div class=\"fscf-div-clear\"><\/div>\n\n<div id=\"fscf_submit_div4\" class=\"fscf-div-submit\">\r\n\t\t<input type=\"submit\" id=\"fscf_submit4\" class=\"fscf-button-submit\" value=\"Soumettre\"  onclick=\"this.disabled=true; this.value='Submitting...'; this.form.submit();\" \/> \n<\/div>\n\n<input type=\"hidden\" name=\"fscf_submitted\" value=\"0\" \/>\n<input type=\"hidden\" name=\"fs_postonce_4\" value=\"6d78f1ac534c905390965e54a1cb63b2,1777551320\" \/>\n<input type=\"hidden\" name=\"si_contact_action\" value=\"send\" \/>\n<input type=\"hidden\" name=\"form_id\" value=\"4\" \/>\n<input type=\"hidden\" name=\"mailto_id\" value=\"1\" \/>\n\n<\/form>\n<\/div>\r\n<div class=\"fscf-div-clear\"><\/div>\n\n<!-- Fast Secure Contact Form plugin 4.0.50 - end - FastSecureContactForm.com -->\n\n","protected":false},"excerpt":{"rendered":"","protected":false},"author":1,"featured_media":0,"parent":0,"menu_order":0,"comment_status":"closed","ping_status":"closed","template":"nofeat.php","meta":{"footnotes":""},"aioseo_notices":[],"_links":{"self":[{"href":"http:\/\/www.sedna.lighting\/fr\/wp-json\/wp\/v2\/pages\/156"}],"collection":[{"href":"http:\/\/www.sedna.lighting\/fr\/wp-json\/wp\/v2\/pages"}],"about":[{"href":"http:\/\/www.sedna.lighting\/fr\/wp-json\/wp\/v2\/types\/page"}],"author":[{"embeddable":true,"href":"http:\/\/www.sedna.lighting\/fr\/wp-json\/wp\/v2\/users\/1"}],"replies":[{"embeddable":true,"href":"http:\/\/www.sedna.lighting\/fr\/wp-json\/wp\/v2\/comments?post=156"}],"version-history":[{"count":2,"href":"http:\/\/www.sedna.lighting\/fr\/wp-json\/wp\/v2\/pages\/156\/revisions"}],"predecessor-version":[{"id":420,"href":"http:\/\/www.sedna.lighting\/fr\/wp-json\/wp\/v2\/pages\/156\/revisions\/420"}],"wp:attachment":[{"href":"http:\/\/www.sedna.lighting\/fr\/wp-json\/wp\/v2\/media?parent=156"}],"curies":[{"name":"wp","href":"https:\/\/api.w.org\/{rel}","templated":true}]}}